{"id":102,"date":"2018-04-20T08:23:08","date_gmt":"2018-04-20T08:23:08","guid":{"rendered":"http:\/\/reinhardt-werbung.de\/?page_id=102"},"modified":"2018-04-23T12:26:05","modified_gmt":"2018-04-23T12:26:05","slug":"karten-klappkarten","status":"publish","type":"page","link":"https:\/\/reinhardt-werbung.de\/?page_id=102","title":{"rendered":"KARTEN &#038; KLAPPKARTEN"},"content":{"rendered":"<p>Egal, ob Schulanfang, Geburtstag oder Weihnachtsgr\u00fc\u00dfe. Ich gestalte Karten\/Klappkarten sowohl f\u00fcr private, als auch f\u00fcr gewerbliche Anl\u00e4sse.<\/p>\n<p>Gestaltung, Format und Umschl\u00e4ge k\u00f6nnen individuell auf den jeweiligen Anlass angepasst werden. <a href=\"mailto:info@reinhardt-werbung.de\" target=\"_blank\" rel=\"noopener\"><strong>Fragen Sie mich einfach!<\/strong><\/a><\/p>\n<p><a href=\"http:\/\/reinhardt-werbung.de\/?page_id=89\">&lt; zur\u00fcck<\/a><\/p>\n","protected":false},"excerpt":{"rendered":"<p>Egal, ob Schulanfang, Geburtstag oder Weihnachtsgr\u00fc\u00dfe. Ich gestalte Karten\/Klappkarten sowohl f\u00fcr private, als auch f\u00fcr gewerbliche Anl\u00e4sse. Gestaltung, Format und Umschl\u00e4ge k\u00f6nnen individuell auf den jeweiligen Anlass angepasst werden. Fragen Sie mich einfach! &lt; zur\u00fcck<\/p>\n","protected":false},"author":1,"featured_media":136,"parent":0,"menu_order":0,"comment_status":"closed","ping_status":"closed","template":"","meta":[],"_links":{"self":[{"href":"https:\/\/reinhardt-werbung.de\/index.php?rest_route=\/wp\/v2\/pages\/102"}],"collection":[{"href":"https:\/\/reinhardt-werbung.de\/index.php?rest_route=\/wp\/v2\/pages"}],"about":[{"href":"https:\/\/reinhardt-werbung.de\/index.php?rest_route=\/wp\/v2\/types\/page"}],"author":[{"embeddable":true,"href":"https:\/\/reinhardt-werbung.de\/index.php?rest_route=\/wp\/v2\/users\/1"}],"replies":[{"embeddable":true,"href":"https:\/\/reinhardt-werbung.de\/index.php?rest_route=%2Fwp%2Fv2%2Fcomments&post=102"}],"version-history":[{"count":5,"href":"https:\/\/reinhardt-werbung.de\/index.php?rest_route=\/wp\/v2\/pages\/102\/revisions"}],"predecessor-version":[{"id":120,"href":"https:\/\/reinhardt-werbung.de\/index.php?rest_route=\/wp\/v2\/pages\/102\/revisions\/120"}],"wp:featuredmedia":[{"embeddable":true,"href":"https:\/\/reinhardt-werbung.de\/index.php?rest_route=\/wp\/v2\/media\/136"}],"wp:attachment":[{"href":"https:\/\/reinhardt-werbung.de\/index.php?rest_route=%2Fwp%2Fv2%2Fmedia&parent=102"}],"curies":[{"name":"wp","href":"https:\/\/api.w.org\/{rel}","templated":true}]}}