{"id":15,"date":"2018-04-10T09:43:59","date_gmt":"2018-04-10T09:43:59","guid":{"rendered":"http:\/\/reinhardt-werbung.de\/?page_id=15"},"modified":"2021-09-01T11:47:14","modified_gmt":"2021-09-01T11:47:14","slug":"kompetenz","status":"publish","type":"page","link":"https:\/\/reinhardt-werbung.de\/?page_id=15","title":{"rendered":"KOMPETENZ"},"content":{"rendered":"<div class=\"kompetenzenSubHeading\">\n<p><strong>DESIGN UND MEHR&#8230;<br \/>\n<\/strong>\u00fcber 20 Jahre Erfahrung im Bereich Werbeagentur- und Verlagswesen<\/p>\n<\/div>\n<div class=\"kompetenzenSubHeading\">\n<p><strong>NETZWERK: <\/strong>ich arbeite Hand in Hand mit etablierten Partnern<br \/>\nz. B. f\u00fcr Website-Programmierung, Druck und Beschriftung<\/p>\n<p><strong>F\u00dcR SIE ALS KUNDE HEISST DAS VOR ALLEM:<\/strong><br \/>\nZeit sparen \u2013 Umwege vermeiden \u2013 vorw\u00e4rts kommen<\/p>\n<p><strong>3 GUTE GR\u00dcNDE F\u00dcR EINE RUNDE SACHE:<\/strong><strong><br \/>\n<\/strong>ein Ansprechpartner \u2013 effiziente L\u00f6sungen \u2013 nachhaltige Betreuung<\/p>\n<\/div>\n<div><\/div>\n","protected":false},"excerpt":{"rendered":"<p>DESIGN UND MEHR&#8230; \u00fcber 20 Jahre Erfahrung im Bereich Werbeagentur- und Verlagswesen NETZWERK: ich arbeite Hand in Hand mit etablierten Partnern z. B. f\u00fcr Website-Programmierung, Druck und Beschriftung F\u00dcR SIE ALS KUNDE HEISST DAS VOR ALLEM: Zeit sparen \u2013 Umwege vermeiden \u2013 vorw\u00e4rts kommen 3 GUTE GR\u00dcNDE F\u00dcR EINE RUNDE SACHE: ein Ansprechpartner \u2013 effiziente &hellip; <\/p>\n<p class=\"link-more\"><a href=\"https:\/\/reinhardt-werbung.de\/?page_id=15\" class=\"more-link\"><span class=\"screen-reader-text\">\u201eKOMPETENZ\u201c<\/span> weiterlesen<\/a><\/p>\n","protected":false},"author":1,"featured_media":0,"parent":0,"menu_order":0,"comment_status":"closed","ping_status":"closed","template":"","meta":[],"_links":{"self":[{"href":"https:\/\/reinhardt-werbung.de\/index.php?rest_route=\/wp\/v2\/pages\/15"}],"collection":[{"href":"https:\/\/reinhardt-werbung.de\/index.php?rest_route=\/wp\/v2\/pages"}],"about":[{"href":"https:\/\/reinhardt-werbung.de\/index.php?rest_route=\/wp\/v2\/types\/page"}],"author":[{"embeddable":true,"href":"https:\/\/reinhardt-werbung.de\/index.php?rest_route=\/wp\/v2\/users\/1"}],"replies":[{"embeddable":true,"href":"https:\/\/reinhardt-werbung.de\/index.php?rest_route=%2Fwp%2Fv2%2Fcomments&post=15"}],"version-history":[{"count":6,"href":"https:\/\/reinhardt-werbung.de\/index.php?rest_route=\/wp\/v2\/pages\/15\/revisions"}],"predecessor-version":[{"id":208,"href":"https:\/\/reinhardt-werbung.de\/index.php?rest_route=\/wp\/v2\/pages\/15\/revisions\/208"}],"wp:attachment":[{"href":"https:\/\/reinhardt-werbung.de\/index.php?rest_route=%2Fwp%2Fv2%2Fmedia&parent=15"}],"curies":[{"name":"wp","href":"https:\/\/api.w.org\/{rel}","templated":true}]}}