{"id":39,"date":"2018-04-10T10:18:14","date_gmt":"2018-04-10T10:18:14","guid":{"rendered":"http:\/\/reinhardt-werbung.de\/?page_id=39"},"modified":"2018-04-23T13:13:15","modified_gmt":"2018-04-23T13:13:15","slug":"weblayout","status":"publish","type":"page","link":"https:\/\/reinhardt-werbung.de\/?page_id=39","title":{"rendered":"WEBLAYOUT"},"content":{"rendered":"<p>Kernaufgabe eines individuellen <b>Weblayouts<\/b> ist es, ein Unternehmen und sein Angebot angepasst an bestehende Gestaltungsregeln attraktiv und schnell verst\u00e4ndlich im Netz zu pr\u00e4sentieren.<\/p>\n<p>Ein Weblayout kann nur abh\u00e4ngig von den zuk\u00fcnftigen Inhalten und Funktionen des Internetauftritts erstellt werden. Zudem achtet die Agentur darauf, das Layout den Bed\u00fcrfnissen (z.B. Lesbarkeit) und Navigationseigenschaften der Zielgruppen anzupassen.<\/p>\n<p>&nbsp;<\/p>\n<p><a href=\"http:\/\/reinhardt-werbung.de\/?page_id=18\">&lt; zur\u00fcck<\/a><\/p>\n","protected":false},"excerpt":{"rendered":"<p>Kernaufgabe eines individuellen Weblayouts ist es, ein Unternehmen und sein Angebot angepasst an bestehende Gestaltungsregeln attraktiv und schnell verst\u00e4ndlich im Netz zu pr\u00e4sentieren. Ein Weblayout kann nur abh\u00e4ngig von den zuk\u00fcnftigen Inhalten und Funktionen des Internetauftritts erstellt werden. Zudem achtet die Agentur darauf, das Layout den Bed\u00fcrfnissen (z.B. Lesbarkeit) und Navigationseigenschaften der Zielgruppen anzupassen. &nbsp; &hellip; <\/p>\n<p class=\"link-more\"><a href=\"https:\/\/reinhardt-werbung.de\/?page_id=39\" class=\"more-link\"><span class=\"screen-reader-text\">\u201eWEBLAYOUT\u201c<\/span> weiterlesen<\/a><\/p>\n","protected":false},"author":1,"featured_media":0,"parent":0,"menu_order":0,"comment_status":"closed","ping_status":"closed","template":"","meta":[],"_links":{"self":[{"href":"https:\/\/reinhardt-werbung.de\/index.php?rest_route=\/wp\/v2\/pages\/39"}],"collection":[{"href":"https:\/\/reinhardt-werbung.de\/index.php?rest_route=\/wp\/v2\/pages"}],"about":[{"href":"https:\/\/reinhardt-werbung.de\/index.php?rest_route=\/wp\/v2\/types\/page"}],"author":[{"embeddable":true,"href":"https:\/\/reinhardt-werbung.de\/index.php?rest_route=\/wp\/v2\/users\/1"}],"replies":[{"embeddable":true,"href":"https:\/\/reinhardt-werbung.de\/index.php?rest_route=%2Fwp%2Fv2%2Fcomments&post=39"}],"version-history":[{"count":2,"href":"https:\/\/reinhardt-werbung.de\/index.php?rest_route=\/wp\/v2\/pages\/39\/revisions"}],"predecessor-version":[{"id":149,"href":"https:\/\/reinhardt-werbung.de\/index.php?rest_route=\/wp\/v2\/pages\/39\/revisions\/149"}],"wp:attachment":[{"href":"https:\/\/reinhardt-werbung.de\/index.php?rest_route=%2Fwp%2Fv2%2Fmedia&parent=39"}],"curies":[{"name":"wp","href":"https:\/\/api.w.org\/{rel}","templated":true}]}}