{"id":42,"date":"2018-04-10T10:18:58","date_gmt":"2018-04-10T10:18:58","guid":{"rendered":"http:\/\/reinhardt-werbung.de\/?page_id=42"},"modified":"2021-09-01T12:13:08","modified_gmt":"2021-09-01T12:13:08","slug":"grundausstattung","status":"publish","type":"page","link":"https:\/\/reinhardt-werbung.de\/?page_id=42","title":{"rendered":"GRUNDAUSSTATTUNG"},"content":{"rendered":"<p>Kernaufgabe der unverzichtbaren <b>Grundausstattung<\/b> ist es, die Corporate Identity eines Unternehmens bereits beim ber\u00fchmten &#8222;ersten Eindruck&#8220; zu visualisieren und wiedererkennbar zu machen.<\/p>\n<p>Visitenkarten, Brief- und Rechnungsb\u00f6gen, Faxformular, Umschl\u00e4ge, Stempel, Aufkleber &#8211; auch Gesch\u00e4ftsdrucksachen sind ein wichtiges Medium f\u00fcr die Au\u00dfenwirkung einer Firma. Die Einhaltung der Kommunikationsrichtlinien und die perfekte technische Umsetzung sind deshalb sehr wichtig.<\/p>\n<p><a href=\"http:\/\/reinhardt-werbung.de\/?page_id=212\">&gt; Beispiel<\/a><\/p>\n<p><a href=\"http:\/\/reinhardt-werbung.de\/?page_id=18\">\u00a0&lt; zur\u00fcck<\/a><\/p>\n","protected":false},"excerpt":{"rendered":"<p>Kernaufgabe der unverzichtbaren Grundausstattung ist es, die Corporate Identity eines Unternehmens bereits beim ber\u00fchmten &#8222;ersten Eindruck&#8220; zu visualisieren und wiedererkennbar zu machen. Visitenkarten, Brief- und Rechnungsb\u00f6gen, Faxformular, Umschl\u00e4ge, Stempel, Aufkleber &#8211; auch Gesch\u00e4ftsdrucksachen sind ein wichtiges Medium f\u00fcr die Au\u00dfenwirkung einer Firma. Die Einhaltung der Kommunikationsrichtlinien und die perfekte technische Umsetzung sind deshalb sehr wichtig. &hellip; <\/p>\n<p class=\"link-more\"><a href=\"https:\/\/reinhardt-werbung.de\/?page_id=42\" class=\"more-link\"><span class=\"screen-reader-text\">\u201eGRUNDAUSSTATTUNG\u201c<\/span> weiterlesen<\/a><\/p>\n","protected":false},"author":1,"featured_media":0,"parent":0,"menu_order":0,"comment_status":"closed","ping_status":"closed","template":"","meta":[],"_links":{"self":[{"href":"https:\/\/reinhardt-werbung.de\/index.php?rest_route=\/wp\/v2\/pages\/42"}],"collection":[{"href":"https:\/\/reinhardt-werbung.de\/index.php?rest_route=\/wp\/v2\/pages"}],"about":[{"href":"https:\/\/reinhardt-werbung.de\/index.php?rest_route=\/wp\/v2\/types\/page"}],"author":[{"embeddable":true,"href":"https:\/\/reinhardt-werbung.de\/index.php?rest_route=\/wp\/v2\/users\/1"}],"replies":[{"embeddable":true,"href":"https:\/\/reinhardt-werbung.de\/index.php?rest_route=%2Fwp%2Fv2%2Fcomments&post=42"}],"version-history":[{"count":4,"href":"https:\/\/reinhardt-werbung.de\/index.php?rest_route=\/wp\/v2\/pages\/42\/revisions"}],"predecessor-version":[{"id":218,"href":"https:\/\/reinhardt-werbung.de\/index.php?rest_route=\/wp\/v2\/pages\/42\/revisions\/218"}],"wp:attachment":[{"href":"https:\/\/reinhardt-werbung.de\/index.php?rest_route=%2Fwp%2Fv2%2Fmedia&parent=42"}],"curies":[{"name":"wp","href":"https:\/\/api.w.org\/{rel}","templated":true}]}}